{"id":382,"date":"2019-01-10T12:04:30","date_gmt":"2019-01-10T11:04:30","guid":{"rendered":"https:\/\/www.klimaanlagen24.com\/?page_id=382"},"modified":"2025-07-28T10:39:32","modified_gmt":"2025-07-28T08:39:32","slug":"impressum","status":"publish","type":"page","link":"https:\/\/www.tronicware.de\/en\/impressum\/","title":{"rendered":"Impressum"},"content":{"rendered":"\n<h1>\n\t\t\tImpressum &#8230;\t<\/h1>\n\t<div style=\"word-wrap: break-word;\">\n\n<p>Tronicware GmbH<br \/>\nAm Goldschmidtshof 10<br \/>\n50997 K&ouml;ln<\/p>\n\n<p>Handelsregister: HRB 53102<br \/>\nRegistergericht: Amtsgericht K&ouml;ln<\/p>\n\n<p><strong>Vertreten durch:<\/strong><br \/>\nNiko Papanikolaou<\/p>\n\n<h2>Kontakt<\/h2>\n<p>Telefon: 02236 - 875 006<br \/>\nTelefax: 02236 - 875 008<br \/>\nE-Mail: info@tronicware.de<\/p>\n\n<h2>Umsatzsteuer-ID<\/h2>\n<p>Umsatzsteuer-Identifikationsnummer gem&auml;&szlig; &sect; 27 a Umsatzsteuergesetz:<br \/>\nDE814021662<\/p>\n\n<h2>Angaben zur Berufs&shy;haftpflicht&shy;versicherung<\/h2>\n<p><strong>Name und Sitz des Versicherers:<\/strong><br \/>\nAXA Versicherung AG<br \/>\r\nColonia-Allee 10-20<br \/>\r\n51067 K&ouml;ln<\/p>\n<p><strong>Geltungsraum der Versicherung:<\/strong><br \/>Deutschlandweit<\/p>\n\n<h2>Redaktionell verantwortlich<\/h2>\n<p>Tronicware GmbH<br \/>\r\nNiko Papanikolaou<br \/>\r\nAm Goldschmidtshof 10<br \/>\r\nD - 50997 K&ouml;ln<\/p>\n\n<h2>Verbraucher&shy;streit&shy;beilegung\/Universal&shy;schlichtungs&shy;stelle<\/h2>\n<p>Wir sind nicht bereit oder verpflichtet, an Streitbeilegungsverfahren vor einer Verbraucherschlichtungsstelle teilzunehmen.<\/p><\/div>\n\t<h2>Die Realisierung der Website erfolgte durch:<\/h2>\n<p><a href=\"https:\/\/www.schaffenskraft.de\/\" target=\"_blank\" rel=\"noopener\"><img loading=\"lazy\" decoding=\"async\" src=\"https:\/\/www.tronicware.de\/wp-content\/uploads\/2019\/01\/sk-bannerlogo-web.png\" alt=\"\" width=\"167\" height=\"111\" \/><\/a><\/p>\nSchaffenskraft Agentur f\u00fcr Kommunikationsdesign<br \/>\nInhaber Karl Aouane<br \/>\nApostelpfad 20<br \/>\nD-53332 Bornheim<br \/>\n<i class=\"fas fa-envelope\" style=\"\"><\/i> <a href=\"mailto:info@schaffenskraft.de\">info@schaffenskraft.de<\/a><br \/>\n<i class=\"fas fa-home\" style=\"\"><\/i> <a href=\"https:\/\/www.schaffenskraft.de\/\" target=\"_blank\" rel=\"noopener\">www.schaffenskraft.de<\/a>\n<h3>Urheberrecht Bildautoren:<\/h3>\nFotos: Seitenbetreiber, schaffenskraft.de Designagentur (Karl Aouane).<br \/>\nWeitere Bildautoren stock.adobe.com:\n\tHome &#8211; Klimaanlage einstellen: Maksud<br \/>\nHome, \u00dcber uns, Service &#8211; Parallax Auto: photoschmidt<br \/>\nHome, \u00dcber uns &#8211; Kundenstimmen Frau Freisteller: deagreez<br \/>\nHome, \u00dcber uns, Karriere, Galerie, Referenzen, Infobereich &#8211; CTA Onlineshop Mann Handy: deagreez<br \/>\nAlle Seiten &#8211; CTA Kontakt Frau: deagreez, guteksk7<br \/>\nAlle Seiten &#8211; CTA Kontakt Mann: luismolinero, guteksk7<br \/>\n\u00dcber uns &#8211; Heizung: Wellnhofer Designs<br \/>\nService &#8211; Banner: Andrey Popov<br \/>\nService &#8211; Frauen-H\u00e4nde Handy: Bambalino Studio<br \/>\nService &#8211; Klimaanlage Reparatur: Andrey Popov<br \/>\nInfobereich &#8211; Monteur W\u00e4rmepumpe: Andrey Popov<br \/>\nInfobereich &#8211; Eis: Leonid Ikan\n\n","protected":false},"excerpt":{"rendered":"<p>Impressum &#8230; Die Realisierung der Website erfolgte durch: Schaffenskraft Agentur f\u00fcr Kommunikationsdesign Inhaber Karl Aouane Apostelpfad 20 D-53332 Bornheim info@schaffenskraft.de www.schaffenskraft.de Urheberrecht Bildautoren: Fotos: Seitenbetreiber, schaffenskraft.de Designagentur (Karl Aouane). Weitere Bildautoren stock.adobe.com: Home &#8211; Klimaanlage einstellen: Maksud Home, \u00dcber uns, Service &#8211; Parallax Auto: photoschmidt Home, \u00dcber uns &#8211; Kundenstimmen Frau Freisteller: deagreez Home, \u00dcber&hellip;<\/p>\n","protected":false},"author":3,"featured_media":0,"parent":0,"menu_order":0,"comment_status":"closed","ping_status":"closed","template":"","meta":{"_seopress_robots_primary_cat":"","_seopress_titles_title":"Tronicware GmbH K\u00f6ln, Daikin Klima, D\u00fcsseldorf, Reparatur","_seopress_titles_desc":"Tronicware GmbH K\u00f6ln, Planung, Montage & Onlineshop f\u00fcr Klimaanlagen, Splitanlagen, W\u00e4rmepumpen & Heiztechnik uvm. f\u00fcr Deutschland, Schweiz & \u00d6sterreich","_seopress_robots_index":"","footnotes":"","_links_to":"","_links_to_target":""},"class_list":["post-382","page","type-page","status-publish","hentry"],"_links":{"self":[{"href":"https:\/\/www.tronicware.de\/en\/wp-json\/wp\/v2\/pages\/382","targetHints":{"allow":["GET"]}}],"collection":[{"href":"https:\/\/www.tronicware.de\/en\/wp-json\/wp\/v2\/pages"}],"about":[{"href":"https:\/\/www.tronicware.de\/en\/wp-json\/wp\/v2\/types\/page"}],"author":[{"embeddable":true,"href":"https:\/\/www.tronicware.de\/en\/wp-json\/wp\/v2\/users\/3"}],"replies":[{"embeddable":true,"href":"https:\/\/www.tronicware.de\/en\/wp-json\/wp\/v2\/comments?post=382"}],"version-history":[{"count":0,"href":"https:\/\/www.tronicware.de\/en\/wp-json\/wp\/v2\/pages\/382\/revisions"}],"wp:attachment":[{"href":"https:\/\/www.tronicware.de\/en\/wp-json\/wp\/v2\/media?parent=382"}],"curies":[{"name":"wp","href":"https:\/\/api.w.org\/{rel}","templated":true}]}}